{"id":14,"date":"2020-03-08T11:18:13","date_gmt":"2020-03-08T11:18:13","guid":{"rendered":"http:\/\/gabonalabor.hu\/?page_id=14"},"modified":"2026-03-19T12:50:47","modified_gmt":"2026-03-19T12:50:47","slug":"arlista","status":"publish","type":"page","link":"https:\/\/gabonalabor.hu\/index.php\/arlista\/","title":{"rendered":"\u00c1rlista"},"content":{"rendered":"\n<p class=\"has-text-align-center\">Az \u00e1rlista 2026. m\u00e1rcius 15-t\u0151l visszavon\u00e1sig \u00e9rv\u00e9nyes.<br> A felt\u00fcntetett \u00e1rak nett\u00f3 \u00e1rak, az \u00c1F\u00c1-t nem tartalmazz\u00e1k.<\/p>\n\n\n\n<figure class=\"wp-block-table is-style-stripes\"><table><tbody><tr><td><strong>Kalibr\u00e1ci\u00f3s d\u00edjak<\/strong><\/td><td class=\"has-text-align-right\" data-align=\"right\"><\/td><\/tr><tr><td>Szemesterm\u00e9ny nedvess\u00e9gm\u00e9r\u0151 kalibr\u00e1l\u00e1sa (term\u00e9nyenk\u00e9nt)<\/td><td class=\"has-text-align-right\" data-align=\"right\">27 500 Ft<\/td><\/tr><tr><td>\u0150rl\u0151fejes, roncsol\u00e1ssal m\u00e9r\u0151 nedvess\u00e9gm\u00e9r\u0151 kalibr\u00e1l\u00e1sa (term\u00e9nyenk\u00e9nt)<\/td><td class=\"has-text-align-right\" data-align=\"right\">29&nbsp;000 Ft<\/td><\/tr><tr><td>Infra meleg\u00edt\u0151s, analitikai m\u00e9rleg kalibr\u00e1l\u00e1sa (term\u00e9nyenk\u00e9nt)<\/td><td class=\"has-text-align-right\" data-align=\"right\"> 30&nbsp;000 Ft<\/td><\/tr><tr><td>Kalibr\u00e1l\u00e1s egyedi minta k\u00e9sz\u00edt\u00e9ssel (term\u00e9nyenk\u00e9nt)<\/td><td class=\"has-text-align-right\" data-align=\"right\">  30 000 Ft<\/td><\/tr><tr><td>Fa nedvess\u00e9gm\u00e9r\u0151 kalibr\u00e1l\u00e1sa (fa fajt\u00e1nk\u00e9nt)<\/td><td class=\"has-text-align-right\" data-align=\"right\">38 000 Ft<\/td><\/tr><tr><td>S\u00fcrg\u0151ss\u00e9gi fel\u00e1r a teljes v\u00e1llal\u00e1si \u00e1r <br>(a v\u00e1llal\u00e1si id\u0151 a m\u0171szer be\u00e9rkez\u00e9s\u00e9t\u0151l sz\u00e1m\u00edtott <br>minimum 36 \u00f3ra) <\/td><td class=\"has-text-align-right\" data-align=\"right\">+ 25 %<\/td><\/tr><tr><td><strong>J\u00e1rtass\u00e1gi vizsg\u00e1lat<\/strong><\/td><td class=\"has-text-align-right\" data-align=\"right\"><\/td><\/tr><tr><td>R\u00e9sztv\u00e9tel a J\u00e1rtass\u00e1gi vizsg\u00e1latban (b\u00faza-, liszt)<\/td><td class=\"has-text-align-right\" data-align=\"right\">85 500 Ft + postak\u00f6lts\u00e9g<\/td><\/tr><tr><td><strong>Referencia mint\u00e1k<\/strong><\/td><td class=\"has-text-align-right\" data-align=\"right\"><\/td><\/tr><tr><td> B\u00faza vagy liszt referencia sorozat (3 db) <\/td><td class=\"has-text-align-right\" data-align=\"right\">43&nbsp;000 Ft + postak\u00f6lts\u00e9g<\/td><\/tr><tr><td>B\u00faza vagy liszt referencia minta (1 db)<\/td><td class=\"has-text-align-right\" data-align=\"right\">16 000 Ft + postak\u00f6lts\u00e9g<\/td><\/tr><\/tbody><\/table><\/figure>\n","protected":false},"excerpt":{"rendered":"<p>Az \u00e1rlista 2026. m\u00e1rcius 15-t\u0151l visszavon\u00e1sig \u00e9rv\u00e9nyes. A felt\u00fcntetett \u00e1rak nett\u00f3 \u00e1rak, az \u00c1F\u00c1-t nem tartalmazz\u00e1k. Kalibr\u00e1ci\u00f3s d\u00edjak Szemesterm\u00e9ny nedvess\u00e9gm\u00e9r\u0151 kalibr\u00e1l\u00e1sa (term\u00e9nyenk\u00e9nt) 27 500 Ft \u0150rl\u0151fejes, roncsol\u00e1ssal m\u00e9r\u0151 nedvess\u00e9gm\u00e9r\u0151 kalibr\u00e1l\u00e1sa (term\u00e9nyenk\u00e9nt) 29&nbsp;000 Ft Infra meleg\u00edt\u0151s, analitikai m\u00e9rleg kalibr\u00e1l\u00e1sa (term\u00e9nyenk\u00e9nt) 30&nbsp;000 Ft Kalibr\u00e1l\u00e1s egyedi minta k\u00e9sz\u00edt\u00e9ssel (term\u00e9nyenk\u00e9nt) 30 000 Ft Fa nedvess\u00e9gm\u00e9r\u0151 kalibr\u00e1l\u00e1sa (fa fajt\u00e1nk\u00e9nt) 38 &hellip; <a href=\"https:\/\/gabonalabor.hu\/index.php\/arlista\/\" class=\"more-link\">Continue reading <span class=\"screen-reader-text\">\u00c1rlista<\/span><\/a><\/p>\n","protected":false},"author":1,"featured_media":0,"parent":0,"menu_order":0,"comment_status":"closed","ping_status":"closed","template":"","meta":{"footnotes":""},"class_list":["post-14","page","type-page","status-publish","hentry"],"_links":{"self":[{"href":"https:\/\/gabonalabor.hu\/index.php\/wp-json\/wp\/v2\/pages\/14","targetHints":{"allow":["GET"]}}],"collection":[{"href":"https:\/\/gabonalabor.hu\/index.php\/wp-json\/wp\/v2\/pages"}],"about":[{"href":"https:\/\/gabonalabor.hu\/index.php\/wp-json\/wp\/v2\/types\/page"}],"author":[{"embeddable":true,"href":"https:\/\/gabonalabor.hu\/index.php\/wp-json\/wp\/v2\/users\/1"}],"replies":[{"embeddable":true,"href":"https:\/\/gabonalabor.hu\/index.php\/wp-json\/wp\/v2\/comments?post=14"}],"version-history":[{"count":23,"href":"https:\/\/gabonalabor.hu\/index.php\/wp-json\/wp\/v2\/pages\/14\/revisions"}],"predecessor-version":[{"id":156,"href":"https:\/\/gabonalabor.hu\/index.php\/wp-json\/wp\/v2\/pages\/14\/revisions\/156"}],"wp:attachment":[{"href":"https:\/\/gabonalabor.hu\/index.php\/wp-json\/wp\/v2\/media?parent=14"}],"curies":[{"name":"wp","href":"https:\/\/api.w.org\/{rel}","templated":true}]}}