{"id":15,"date":"2020-03-08T11:18:13","date_gmt":"2020-03-08T11:18:13","guid":{"rendered":"http:\/\/gabonalabor.hu\/?page_id=15"},"modified":"2026-03-19T12:44:17","modified_gmt":"2026-03-19T12:44:17","slug":"bemuttakozas","status":"publish","type":"page","link":"https:\/\/gabonalabor.hu\/","title":{"rendered":"Bemutatkoz\u00e1s"},"content":{"rendered":"\n<p>Laborat\u00f3riumunk az MSZ EN ISO\/IEC 17025:2005 szabv\u00e1ny el\u0151\u00edr\u00e1sai alapj\u00e1n m\u0171k\u00f6dik.<\/p>\n\n\n\n<p>A kalibr\u00e1l\u00e1s c\u00e9lja az adott term\u00e9nyre el\u0151zetesen be\u00e1ll\u00edtott m\u00e9r\u0151m\u0171szer m\u00e9r\u00e9si eredm\u00e9nyeinek pontos\u00edt\u00e1sa, a m\u00e9r\u00e9si bizonytalans\u00e1g meghat\u00e1roz\u00e1sa.<\/p>\n\n\n\n<p>A m\u00e9r\u0151eszk\u00f6z\u00f6ket az azokkal v\u00e9gzett pontosabb m\u00e9r\u00e9s \u00e9rdek\u00e9ben id\u0151szakonk\u00e9nt &#8211; \u00e1ltal\u00e1ban 2 \u00e9vente &#8211; kalibr\u00e1lni kell. A m\u00e9r\u0151eszk\u00f6z\u00f6k m\u00e9r\u00e9si pontoss\u00e1g\u00e1t, ism\u00e9tl\u0151k\u00e9pess\u00e9g\u00e9t az alkalmazott kalibr\u00e1l\u00e1s hat\u00e1rozza meg. A kalibr\u00e1l\u00e1st a m\u00e9rend\u0151 term\u00e9nyekre k\u00fcl\u00f6n-k\u00fcl\u00f6n kell elv\u00e9gezni. Az \u00faj k\u00e9sz\u00fcl\u00e9kekben l\u00e9v\u0151 gy\u00e1ri kalibr\u00e1ci\u00f3 minden esetben csak kisebb-nagyobb korrekci\u00f3val alkalmas magyarorsz\u00e1gi term\u00e9nyek m\u00e9r\u00e9s\u00e9re.<\/p>\n\n\n\n<p>A m\u00e9r\u0151m\u0171szerekt\u0151l csak annak a term\u00e9nynek a m\u00e9r\u00e9s\u00e9re v\u00e1rhat\u00f3 el a megfelel\u0151, pontos m\u00e9r\u00e9s, amelyre kalibr\u00e1ci\u00f3 k\u00e9sz\u00fclt. Azon term\u00e9nyek eset\u00e9ben amelyre a k\u00e9sz\u00fcl\u00e9k nem lett bekalibr\u00e1lva a m\u00e9r\u00e9si eredm\u00e9ny ak\u00e1r jelent\u0151s m\u00e9rt\u00e9kben (1-2 %m\/m) is elt\u00e9rhet a val\u00f3s \u00e9rt\u00e9kt\u0151l.<\/p>\n\n\n\n<p>Laborat\u00f3riumunk az elv\u00e9gzett kalibr\u00e1ci\u00f3r\u00f3l tan\u00fas\u00edt\u00f3 bizony\u00edtv\u00e1nyt ad.<\/p>\n\n\n\n<p><strong>Min\u0151s\u00e9gpolitik\u00e1nk<\/strong><br>A Laborat\u00f3rium szem\u00e9lyzete elk\u00f6telezett a j\u00f3 szakmai gyakorlat, magas szint\u0171 kalibr\u00e1ci\u00f3s szolg\u00e1ltat\u00e1sok ny\u00fajt\u00e1s\u00e1ra, a vev\u0151k ig\u00e9nyeinek lehet\u0151 legjobb min\u0151s\u00e9gben \u00e9s id\u0151ben val\u00f3 teljes\u00edt\u00e9s\u00e9re.<\/p>\n\n\n\n<p><\/p>\n","protected":false},"excerpt":{"rendered":"<p>Laborat\u00f3riumunk az MSZ EN ISO\/IEC 17025:2005 szabv\u00e1ny el\u0151\u00edr\u00e1sai alapj\u00e1n m\u0171k\u00f6dik. A kalibr\u00e1l\u00e1s c\u00e9lja az adott term\u00e9nyre el\u0151zetesen be\u00e1ll\u00edtott m\u00e9r\u0151m\u0171szer m\u00e9r\u00e9si eredm\u00e9nyeinek pontos\u00edt\u00e1sa, a m\u00e9r\u00e9si bizonytalans\u00e1g meghat\u00e1roz\u00e1sa. A m\u00e9r\u0151eszk\u00f6z\u00f6ket az azokkal v\u00e9gzett pontosabb m\u00e9r\u00e9s \u00e9rdek\u00e9ben id\u0151szakonk\u00e9nt &#8211; \u00e1ltal\u00e1ban 2 \u00e9vente &#8211; kalibr\u00e1lni kell. A m\u00e9r\u0151eszk\u00f6z\u00f6k m\u00e9r\u00e9si pontoss\u00e1g\u00e1t, ism\u00e9tl\u0151k\u00e9pess\u00e9g\u00e9t az alkalmazott kalibr\u00e1l\u00e1s hat\u00e1rozza meg. A kalibr\u00e1l\u00e1st a &hellip; <a href=\"https:\/\/gabonalabor.hu\/\" class=\"more-link\">Continue reading <span class=\"screen-reader-text\">Bemutatkoz\u00e1s<\/span><\/a><\/p>\n","protected":false},"author":1,"featured_media":0,"parent":0,"menu_order":0,"comment_status":"closed","ping_status":"closed","template":"","meta":{"footnotes":""},"class_list":["post-15","page","type-page","status-publish","hentry"],"_links":{"self":[{"href":"https:\/\/gabonalabor.hu\/index.php\/wp-json\/wp\/v2\/pages\/15","targetHints":{"allow":["GET"]}}],"collection":[{"href":"https:\/\/gabonalabor.hu\/index.php\/wp-json\/wp\/v2\/pages"}],"about":[{"href":"https:\/\/gabonalabor.hu\/index.php\/wp-json\/wp\/v2\/types\/page"}],"author":[{"embeddable":true,"href":"https:\/\/gabonalabor.hu\/index.php\/wp-json\/wp\/v2\/users\/1"}],"replies":[{"embeddable":true,"href":"https:\/\/gabonalabor.hu\/index.php\/wp-json\/wp\/v2\/comments?post=15"}],"version-history":[{"count":5,"href":"https:\/\/gabonalabor.hu\/index.php\/wp-json\/wp\/v2\/pages\/15\/revisions"}],"predecessor-version":[{"id":93,"href":"https:\/\/gabonalabor.hu\/index.php\/wp-json\/wp\/v2\/pages\/15\/revisions\/93"}],"wp:attachment":[{"href":"https:\/\/gabonalabor.hu\/index.php\/wp-json\/wp\/v2\/media?parent=15"}],"curies":[{"name":"wp","href":"https:\/\/api.w.org\/{rel}","templated":true}]}}