{"id":6,"date":"2020-03-08T11:18:13","date_gmt":"2020-03-08T11:18:13","guid":{"rendered":"http:\/\/gabonalabor.hu\/?page_id=6"},"modified":"2026-03-19T12:45:58","modified_gmt":"2026-03-19T12:45:58","slug":"fa-nedvessegmero-kalibralas","status":"publish","type":"page","link":"https:\/\/gabonalabor.hu\/index.php\/fa-nedvessegmero-kalibralas\/","title":{"rendered":"Fa nedvess\u00e9gm\u00e9r\u0151 kalibr\u00e1l\u00e1s"},"content":{"rendered":"\n<p>Laborat\u00f3riumunk v\u00e1llalja valamennyi t\u00edpus\u00fa fa nedvess\u00e9gm\u00e9r\u0151 kalibr\u00e1l\u00e1s\u00e1t.<\/p>\n\n\n\n<p>A kalibr\u00e1l\u00e1shoz a vev\u0151nek kell a fa test mint\u00e1t biztos\u00edtania. A kalibr\u00e1l\u00e1shoz sz\u00fcks\u00e9ges mintegy 15 \u2013 20 db, k\u00f6r\u00fclbel\u00fcl 5&#215;5 centim\u00e9teres,  2,5 \u2013 3 cm vastag, term\u00e9szetes \u00e1llapot\u00fa fa m\u00e9r\u0151test. <br>A testeknek minden oldalon min. 1 centim\u00e9terrel kell nagyobbnak lenni\u00fck a be\u00fct\u0151 szonda sz\u00e9less\u00e9g\u00e9n\u00e9l, illetve a m\u00e9r\u0151fel\u00fcletn\u00e9l.<\/p>\n\n\n\n<p>A kalibr\u00e1ci\u00f3 k\u00e9sz\u00edt\u00e9s\u00e9nek ideje: 1 h\u00f3nap.<\/p>\n","protected":false},"excerpt":{"rendered":"<p>Laborat\u00f3riumunk v\u00e1llalja valamennyi t\u00edpus\u00fa fa nedvess\u00e9gm\u00e9r\u0151 kalibr\u00e1l\u00e1s\u00e1t. A kalibr\u00e1l\u00e1shoz a vev\u0151nek kell a fa test mint\u00e1t biztos\u00edtania. A kalibr\u00e1l\u00e1shoz sz\u00fcks\u00e9ges mintegy 15 \u2013 20 db, k\u00f6r\u00fclbel\u00fcl 5&#215;5 centim\u00e9teres, 2,5 \u2013 3 cm vastag, term\u00e9szetes \u00e1llapot\u00fa fa m\u00e9r\u0151test. A testeknek minden oldalon min. 1 centim\u00e9terrel kell nagyobbnak lenni\u00fck a be\u00fct\u0151 szonda sz\u00e9less\u00e9g\u00e9n\u00e9l, illetve a m\u00e9r\u0151fel\u00fcletn\u00e9l. A &hellip; <a href=\"https:\/\/gabonalabor.hu\/index.php\/fa-nedvessegmero-kalibralas\/\" class=\"more-link\">Continue reading <span class=\"screen-reader-text\">Fa nedvess\u00e9gm\u00e9r\u0151 kalibr\u00e1l\u00e1s<\/span><\/a><\/p>\n","protected":false},"author":1,"featured_media":0,"parent":0,"menu_order":0,"comment_status":"closed","ping_status":"closed","template":"","meta":{"footnotes":""},"class_list":["post-6","page","type-page","status-publish","hentry"],"_links":{"self":[{"href":"https:\/\/gabonalabor.hu\/index.php\/wp-json\/wp\/v2\/pages\/6","targetHints":{"allow":["GET"]}}],"collection":[{"href":"https:\/\/gabonalabor.hu\/index.php\/wp-json\/wp\/v2\/pages"}],"about":[{"href":"https:\/\/gabonalabor.hu\/index.php\/wp-json\/wp\/v2\/types\/page"}],"author":[{"embeddable":true,"href":"https:\/\/gabonalabor.hu\/index.php\/wp-json\/wp\/v2\/users\/1"}],"replies":[{"embeddable":true,"href":"https:\/\/gabonalabor.hu\/index.php\/wp-json\/wp\/v2\/comments?post=6"}],"version-history":[{"count":2,"href":"https:\/\/gabonalabor.hu\/index.php\/wp-json\/wp\/v2\/pages\/6\/revisions"}],"predecessor-version":[{"id":39,"href":"https:\/\/gabonalabor.hu\/index.php\/wp-json\/wp\/v2\/pages\/6\/revisions\/39"}],"wp:attachment":[{"href":"https:\/\/gabonalabor.hu\/index.php\/wp-json\/wp\/v2\/media?parent=6"}],"curies":[{"name":"wp","href":"https:\/\/api.w.org\/{rel}","templated":true}]}}