{"id":61,"date":"2020-03-08T13:10:25","date_gmt":"2020-03-08T13:10:25","guid":{"rendered":"http:\/\/gabonalabor.hu\/?page_id=61"},"modified":"2026-03-19T12:48:34","modified_gmt":"2026-03-19T12:48:34","slug":"publikaciok","status":"publish","type":"page","link":"https:\/\/gabonalabor.hu\/index.php\/publikaciok\/","title":{"rendered":"Publik\u00e1ci\u00f3k"},"content":{"rendered":"\n<p> <a href=\"https:\/\/gabonalabor.hu\/index.php\/2020\/03\/08\/nehany-gondolat-a-gabona-minositesehez\/\">N\u00e9h\u00e1ny gondolat a gabona min\u0151s\u00edt\u00e9s\u00e9hez &#8230;<\/a><\/p>\n\n\n\n<p><a href=\"https:\/\/gabonalabor.hu\/index.php\/2020\/03\/08\/a-nedvessegtartalom-meghatarozas-gyakorlata-a-gabonatermesztesben\">A nedvess\u00e9gtartalom meghat\u00e1roz\u00e1s gyakorlata &#8230;<\/a><\/p>\n\n\n\n<p><a href=\"https:\/\/gabonalabor.hu\/index.php\/2020\/03\/08\/experience-with-certified-reference-material-proficiency-testing-for-quality-control-of-wheat\/\">Experience with Certified Reference Material &#8211; Proficiency Testing for Quality Control of Wheat &#8230;<\/a><\/p>\n\n\n\n<p><a href=\"https:\/\/gabonalabor.hu\/index.php\/2020\/03\/08\/experience-with-wheat-and-flour-crms\/\">Experience with Wheat and Flour CRMs &#8230;<\/a><\/p>\n","protected":false},"excerpt":{"rendered":"<p>N\u00e9h\u00e1ny gondolat a gabona min\u0151s\u00edt\u00e9s\u00e9hez &#8230; A nedvess\u00e9gtartalom meghat\u00e1roz\u00e1s gyakorlata &#8230; Experience with Certified Reference Material &#8211; Proficiency Testing for Quality Control of Wheat &#8230; Experience with Wheat and Flour CRMs &#8230;<\/p>\n","protected":false},"author":1,"featured_media":0,"parent":0,"menu_order":0,"comment_status":"closed","ping_status":"closed","template":"","meta":{"footnotes":""},"class_list":["post-61","page","type-page","status-publish","hentry"],"_links":{"self":[{"href":"https:\/\/gabonalabor.hu\/index.php\/wp-json\/wp\/v2\/pages\/61","targetHints":{"allow":["GET"]}}],"collection":[{"href":"https:\/\/gabonalabor.hu\/index.php\/wp-json\/wp\/v2\/pages"}],"about":[{"href":"https:\/\/gabonalabor.hu\/index.php\/wp-json\/wp\/v2\/types\/page"}],"author":[{"embeddable":true,"href":"https:\/\/gabonalabor.hu\/index.php\/wp-json\/wp\/v2\/users\/1"}],"replies":[{"embeddable":true,"href":"https:\/\/gabonalabor.hu\/index.php\/wp-json\/wp\/v2\/comments?post=61"}],"version-history":[{"count":10,"href":"https:\/\/gabonalabor.hu\/index.php\/wp-json\/wp\/v2\/pages\/61\/revisions"}],"predecessor-version":[{"id":132,"href":"https:\/\/gabonalabor.hu\/index.php\/wp-json\/wp\/v2\/pages\/61\/revisions\/132"}],"wp:attachment":[{"href":"https:\/\/gabonalabor.hu\/index.php\/wp-json\/wp\/v2\/media?parent=61"}],"curies":[{"name":"wp","href":"https:\/\/api.w.org\/{rel}","templated":true}]}}