{"id":7,"date":"2020-03-08T11:18:13","date_gmt":"2020-03-08T11:18:13","guid":{"rendered":"http:\/\/gabonalabor.hu\/?page_id=7"},"modified":"2026-03-19T12:44:54","modified_gmt":"2026-03-19T12:44:54","slug":"szemestermeny-nedvessegmero-kalibralas","status":"publish","type":"page","link":"https:\/\/gabonalabor.hu\/index.php\/szemestermeny-nedvessegmero-kalibralas\/","title":{"rendered":"Szemesterm\u00e9ny nedvess\u00e9gm\u00e9r\u0151 kalibr\u00e1l\u00e1s"},"content":{"rendered":"\n<p>Laborat\u00f3riumunk v\u00e1llalja valamennyi t\u00edpus\u00fa gabona \u00e9s szemesterm\u00e9ny nedvess\u00e9gm\u00e9r\u0151 kalibr\u00e1l\u00e1s\u00e1t:<\/p>\n\n\n\n<p>Dickey-john,<br>Jonn Deere, <br>Kett, <br>Drami\u0148ski, <br>Perten,<br>Agricomputer, <br>Pfeuffer, <br>Supertech, <br>Wile, <br>\u00e9s egy\u00e9b gy\u00e1rt\u00f3k.<\/p>\n\n\n\n<p>V\u00e1llaljuk tov\u00e1bb\u00e1 infra h\u0151sug\u00e1rz\u00f3s m\u00e9rlegek kalibr\u00e1l\u00e1s\u00e1t.<\/p>\n\n\n\n<p>A kalibr\u00e1l\u00e1st valamennyi m\u0171szer eset\u00e9ben term\u00e9nyenk\u00e9nt kell elv\u00e9gezni.<br> A laborat\u00f3rium valamennyi gabon\u00e1ra, olajos magra, szemesterm\u00e9nyre, vet\u0151magokra, egy\u00e9b anyagokra (pl.: kutya-, macskat\u00e1p, feldolgozott term\u00e9nyek) v\u00e1llalja a kalibr\u00e1ci\u00f3 k\u00e9sz\u00edt\u00e9s\u00e9t.<\/p>\n\n\n\n<p>A kalibr\u00e1ci\u00f3 \u00e9rv\u00e9nyess\u00e9ge: 2 \u00e9v.<br><br>A kalibr\u00e1ci\u00f3 k\u00e9sz\u00edt\u00e9s\u00e9nek ideje a m\u0171szer be\u00e9rkez\u00e9s\u00e9t\u0151l sz\u00e1m\u00edtott minimum 5 munkanap.<\/p>\n\n\n\n<p><a rel=\"noreferrer noopener\" aria-label=\"Kalibr\u00e1l\u00e1s megrendel\u0151lap (minta): (opens in a new tab)\" href=\"https:\/\/gabonalabor.hu\/index.php\/megrendelolap-2\/\" target=\"_blank\">Kalibr\u00e1l\u00e1s megrendel\u0151lap (minta)<\/a><\/p>\n","protected":false},"excerpt":{"rendered":"<p>Laborat\u00f3riumunk v\u00e1llalja valamennyi t\u00edpus\u00fa gabona \u00e9s szemesterm\u00e9ny nedvess\u00e9gm\u00e9r\u0151 kalibr\u00e1l\u00e1s\u00e1t: Dickey-john,Jonn Deere, Kett, Drami\u0148ski, Perten,Agricomputer, Pfeuffer, Supertech, Wile, \u00e9s egy\u00e9b gy\u00e1rt\u00f3k. V\u00e1llaljuk tov\u00e1bb\u00e1 infra h\u0151sug\u00e1rz\u00f3s m\u00e9rlegek kalibr\u00e1l\u00e1s\u00e1t. A kalibr\u00e1l\u00e1st valamennyi m\u0171szer eset\u00e9ben term\u00e9nyenk\u00e9nt kell elv\u00e9gezni. A laborat\u00f3rium valamennyi gabon\u00e1ra, olajos magra, szemesterm\u00e9nyre, vet\u0151magokra, egy\u00e9b anyagokra (pl.: kutya-, macskat\u00e1p, feldolgozott term\u00e9nyek) v\u00e1llalja a kalibr\u00e1ci\u00f3 k\u00e9sz\u00edt\u00e9s\u00e9t. A kalibr\u00e1ci\u00f3 &hellip; <a href=\"https:\/\/gabonalabor.hu\/index.php\/szemestermeny-nedvessegmero-kalibralas\/\" class=\"more-link\">Continue reading <span class=\"screen-reader-text\">Szemesterm\u00e9ny nedvess\u00e9gm\u00e9r\u0151 kalibr\u00e1l\u00e1s<\/span><\/a><\/p>\n","protected":false},"author":1,"featured_media":0,"parent":0,"menu_order":0,"comment_status":"closed","ping_status":"closed","template":"","meta":{"footnotes":""},"class_list":["post-7","page","type-page","status-publish","hentry"],"_links":{"self":[{"href":"https:\/\/gabonalabor.hu\/index.php\/wp-json\/wp\/v2\/pages\/7","targetHints":{"allow":["GET"]}}],"collection":[{"href":"https:\/\/gabonalabor.hu\/index.php\/wp-json\/wp\/v2\/pages"}],"about":[{"href":"https:\/\/gabonalabor.hu\/index.php\/wp-json\/wp\/v2\/types\/page"}],"author":[{"embeddable":true,"href":"https:\/\/gabonalabor.hu\/index.php\/wp-json\/wp\/v2\/users\/1"}],"replies":[{"embeddable":true,"href":"https:\/\/gabonalabor.hu\/index.php\/wp-json\/wp\/v2\/comments?post=7"}],"version-history":[{"count":7,"href":"https:\/\/gabonalabor.hu\/index.php\/wp-json\/wp\/v2\/pages\/7\/revisions"}],"predecessor-version":[{"id":113,"href":"https:\/\/gabonalabor.hu\/index.php\/wp-json\/wp\/v2\/pages\/7\/revisions\/113"}],"wp:attachment":[{"href":"https:\/\/gabonalabor.hu\/index.php\/wp-json\/wp\/v2\/media?parent=7"}],"curies":[{"name":"wp","href":"https:\/\/api.w.org\/{rel}","templated":true}]}}