{"id":8,"date":"2020-03-08T11:18:13","date_gmt":"2020-03-08T11:18:13","guid":{"rendered":"http:\/\/gabonalabor.hu\/?page_id=8"},"modified":"2026-03-19T12:46:17","modified_gmt":"2026-03-19T12:46:17","slug":"jartassagi-vizsgalat","status":"publish","type":"page","link":"https:\/\/gabonalabor.hu\/index.php\/jartassagi-vizsgalat\/","title":{"rendered":"J\u00e1rtass\u00e1gi vizsg\u00e1lat"},"content":{"rendered":"\n<p>A Laborat\u00f3riumi \u00f6sszehasonl\u00edt\u00f3, vagy j\u00e1rtass\u00e1gi vizsg\u00e1lat egy laborat\u00f3rium vizsg\u00e1latra val\u00f3 felk\u00e9sz\u00fclts\u00e9g\u00e9nek, j\u00e1rtass\u00e1g\u00e1nak meghat\u00e1roz\u00e1sa laborat\u00f3riumi \u00f6sszehasonl\u00edt\u00f3 vizsg\u00e1lat \u00fatj\u00e1n. A laborat\u00f3riumi \u00f6sszehasonl\u00edt\u00f3 vizsg\u00e1lat azonos, vagy hasonl\u00f3 anyagok meghat\u00e1rozott felt\u00e9telek szerinti k\u00e9t, vagy t\u00f6bb laborat\u00f3rium \u00e1ltal elv\u00e9gzett vizsg\u00e1latainak megszervez\u00e9se, v\u00e9grehajt\u00e1sa, \u00e9rt\u00e9kel\u00e9se. <\/p>\n\n\n\n<p>A J\u00e1rtass\u00e1gi vizsg\u00e1laton kapott eredm\u00e9nyek alapj\u00e1n a r\u00e9sztvev\u0151 laborat\u00f3riumoknak lehet\u0151v\u00e9 teszi a vizsg\u00e1lati m\u00f3dszerek egys\u00e9ges\u00edt\u00e9s\u00e9t, megb\u00edzhat\u00f3s\u00e1guk ellen\u0151rz\u00e9s\u00e9t, az ism\u00e9tl\u0151k\u00e9pess\u00e9g \u00e9s a reproduk\u00e1lhat\u00f3s\u00e1g \u00e9rt\u00e9k\u00e9nek, azaz a pontoss\u00e1g \u00e9rt\u00e9keinek meghat\u00e1roz\u00e1s\u00e1t.<\/p>\n\n\n\n<p>J\u00e1rtass\u00e1gi vizsg\u00e1latot laborat\u00f3riumunk \u00e9vente 1 alkalommal, m\u00e1rciusban szervez, a jelentkez\u00e9s folyamatos, minden laborat\u00f3rium sz\u00e1m\u00e1ra nyitott.<\/p>\n\n\n\n<p>A r\u00e9sztvev\u0151 laborat\u00f3riumok 3 x 500 g liszt, 3 x 800 g b\u00faza mint\u00e1t \u00e9s Vizsg\u00e1lati adatlapokat kapnak.<\/p>\n\n\n\n<p>A J\u00e1rtass\u00e1gi vizsg\u00e1lat sor\u00e1n a r\u00e9sztvev\u0151 laborat\u00f3riumok a kik\u00fcld\u00f6tt mint\u00e1k k\u00f6vetkez\u0151 param\u00e9tereit vizsg\u00e1lj\u00e1k*: <br>&#8211; nedvess\u00e9gtartalom,<br>&#8211; nyers feh\u00e9rje tartalom<br>&#8211; hamu tartalom,<br>&#8211; Zeleny szediment\u00e1ci\u00f3s index,<br>&#8211; es\u00e9ssz\u00e1m,<br>&#8211; nedvessik\u00e9r tartalom,<br>&#8211; sik\u00e9rter\u00fcl\u00e9s,<br>&#8211; v\u00edzfelvev\u0151 k\u00e9pess\u00e9g, <br>&#8211; min\u0151s\u00e9gi \u00e9rt\u00e9ksz\u00e1m.<\/p>\n\n\n\n<p>K\u00fcl\u00f6n mint\u00e1b\u00f3l: Rheol\u00f3giai tulajdons\u00e1gok meghat\u00e1roz\u00e1sa.<\/p>\n\n\n\n<p>*A vizsg\u00e1latban r\u00e9sztvev\u0151 laborat\u00f3riumok csak az \u00e1ltaluk rutinszer\u0171en v\u00e9gzett vizsg\u00e1latokat v\u00e9gzik el.<\/p>\n\n\n\n<p>A vizsg\u00e1latok v\u00e9gz\u00e9s\u00e9re a laborat\u00f3riumoknak mintegy 3 h\u00e9t \u00e1ll rendelkez\u00e9sre.<\/p>\n\n\n\n<p>Az eredm\u00e9nyek ki\u00e9rt\u00e9kel\u00e9se Laborat\u00f3riumunkban, az ISO \/IEC GUIDE 43-1  A.2.1.4 alapj\u00e1n t\u00f6rt\u00e9nik.<\/p>\n\n\n\n<p>A ki\u00e9rt\u00e9kel\u00e9s sor\u00e1n meghat\u00e1rozzuk a m\u00e9rt param\u00e9ter eset\u00e9ben a laborat\u00f3riumi eredm\u00e9nyek \u00e1tlag\u00e1t, a kiugr\u00f3nak min\u0151s\u00fcl\u0151 laborat\u00f3riumi eredm\u00e9nyek kiz\u00e1r\u00e1sa ut\u00e1n (nincsen z &gt; 3,00) kapott laborat\u00f3riumi \u00e1tlag szerinti becs\u00fclt val\u00f3di \u00e9rt\u00e9k\u00e9t. Valamennyi laborat\u00f3rium eset\u00e9ben \u00f6sszehasonl\u00edtjuk a z-score \u00e9rt\u00e9ket a kapott becs\u00fclt val\u00f3di \u00e9rt\u00e9kkel.<\/p>\n\n\n\n<p>Az eredm\u00e9nyek \u00e9rtelmez\u00e9se a z-score abszol\u00fat \u00e9rt\u00e9ke alapj\u00e1n:<\/p>\n\n\n\n<p>Amennyiben az \u00e9rt\u00e9k:<br>\n\u2014 0 \u2013 2 k\u00f6z\u00e9 esik, akkor az eredm\u00e9ny megfelel\u0151,<br>\n\u2014 2 \u2013 3 k\u00f6z\u00f6tt az eredm\u00e9ny bizonytalan,<br>\n\u2014 3 felett helyesb\u00edt\u0151 tev\u00e9kenys\u00e9g sz\u00fcks\u00e9ges.<\/p>\n","protected":false},"excerpt":{"rendered":"<p>A Laborat\u00f3riumi \u00f6sszehasonl\u00edt\u00f3, vagy j\u00e1rtass\u00e1gi vizsg\u00e1lat egy laborat\u00f3rium vizsg\u00e1latra val\u00f3 felk\u00e9sz\u00fclts\u00e9g\u00e9nek, j\u00e1rtass\u00e1g\u00e1nak meghat\u00e1roz\u00e1sa laborat\u00f3riumi \u00f6sszehasonl\u00edt\u00f3 vizsg\u00e1lat \u00fatj\u00e1n. A laborat\u00f3riumi \u00f6sszehasonl\u00edt\u00f3 vizsg\u00e1lat azonos, vagy hasonl\u00f3 anyagok meghat\u00e1rozott felt\u00e9telek szerinti k\u00e9t, vagy t\u00f6bb laborat\u00f3rium \u00e1ltal elv\u00e9gzett vizsg\u00e1latainak megszervez\u00e9se, v\u00e9grehajt\u00e1sa, \u00e9rt\u00e9kel\u00e9se. A J\u00e1rtass\u00e1gi vizsg\u00e1laton kapott eredm\u00e9nyek alapj\u00e1n a r\u00e9sztvev\u0151 laborat\u00f3riumoknak lehet\u0151v\u00e9 teszi a vizsg\u00e1lati m\u00f3dszerek egys\u00e9ges\u00edt\u00e9s\u00e9t, megb\u00edzhat\u00f3s\u00e1guk ellen\u0151rz\u00e9s\u00e9t, &hellip; <a href=\"https:\/\/gabonalabor.hu\/index.php\/jartassagi-vizsgalat\/\" class=\"more-link\">Continue reading <span class=\"screen-reader-text\">J\u00e1rtass\u00e1gi vizsg\u00e1lat<\/span><\/a><\/p>\n","protected":false},"author":1,"featured_media":0,"parent":0,"menu_order":0,"comment_status":"closed","ping_status":"closed","template":"","meta":{"footnotes":""},"class_list":["post-8","page","type-page","status-publish","hentry"],"_links":{"self":[{"href":"https:\/\/gabonalabor.hu\/index.php\/wp-json\/wp\/v2\/pages\/8","targetHints":{"allow":["GET"]}}],"collection":[{"href":"https:\/\/gabonalabor.hu\/index.php\/wp-json\/wp\/v2\/pages"}],"about":[{"href":"https:\/\/gabonalabor.hu\/index.php\/wp-json\/wp\/v2\/types\/page"}],"author":[{"embeddable":true,"href":"https:\/\/gabonalabor.hu\/index.php\/wp-json\/wp\/v2\/users\/1"}],"replies":[{"embeddable":true,"href":"https:\/\/gabonalabor.hu\/index.php\/wp-json\/wp\/v2\/comments?post=8"}],"version-history":[{"count":3,"href":"https:\/\/gabonalabor.hu\/index.php\/wp-json\/wp\/v2\/pages\/8\/revisions"}],"predecessor-version":[{"id":114,"href":"https:\/\/gabonalabor.hu\/index.php\/wp-json\/wp\/v2\/pages\/8\/revisions\/114"}],"wp:attachment":[{"href":"https:\/\/gabonalabor.hu\/index.php\/wp-json\/wp\/v2\/media?parent=8"}],"curies":[{"name":"wp","href":"https:\/\/api.w.org\/{rel}","templated":true}]}}