{"id":9,"date":"2020-03-08T11:18:13","date_gmt":"2020-03-08T11:18:13","guid":{"rendered":"http:\/\/gabonalabor.hu\/?page_id=9"},"modified":"2026-03-19T12:46:29","modified_gmt":"2026-03-19T12:46:29","slug":"buza-es-liszt-minta","status":"publish","type":"page","link":"https:\/\/gabonalabor.hu\/index.php\/buza-es-liszt-minta\/","title":{"rendered":"B\u00faza \u00e9s liszt minta"},"content":{"rendered":"\n<p>Olyan b\u00faza \u00e9s b\u00fazaliszt minta, amely el\u00e9gg\u00e9 homog\u00e9n, min\u0151s\u00edtett val\u00f3di \u00e9rt\u00e9keinek, azok megb\u00edzhat\u00f3s\u00e1gi szint\u0171 bizonytalans\u00e1g\u00e1nak maghat\u00e1roz\u00e1sa laborat\u00f3riumi \u00f6sszehasonl\u00edt\u00e1s (J\u00e1rtass\u00e1gi vizsg\u00e1lat) alapj\u00e1n t\u00f6rt\u00e9nik.<\/p>\n\n\n\n<p>El\u0151\u00e1ll\u00edt\u00e1suk lehet\u0151v\u00e9 teszi arra a mint\u00e1kat, hogy alkalmasak legyenek m\u00e9r\u0151eszk\u00f6z\u00f6k kalibr\u00e1l\u00e1s\u00e1ra, m\u00e9r\u00e9si m\u00f3dszerek min\u0151s\u00edt\u00e9s\u00e9re, m\u00e9r\u00e9sek jav\u00edt\u00e1s\u00e1ra. <\/p>\n\n\n\n<p>A mintasorozat tartalma: p\u00e1raz\u00e1r\u00f3 csomagol\u00e1sban 3 k\u00fcl\u00f6nb\u00f6z\u0151 min\u0151s\u00e9g\u0171 b\u00faza 700 g-os kiszerel\u00e9sben vagy 3 k\u00fcl\u00f6nb\u00f6z\u0151 min\u0151s\u00e9g\u0171 b\u00fazaliszt 500 g-os kiszerel\u00e9sben.<\/p>\n\n\n\n<p>A referencia minta bizony\u00edtv\u00e1nya tartalmazza a minta azonos\u00edt\u00f3j\u00e1t, a min\u0151s\u00edtett \u00e9rt\u00e9keket \u00e9s azok bizonytalans\u00e1g\u00e1t. A referencia minta csak bizony\u00edtv\u00e1ny\u00e1val egy\u00fctt \u00e9rv\u00e9nyes.<\/p>\n\n\n\n<p>A minta \u00e9rt\u00e9k\u00e9nek stabilit\u00e1sa megfelel\u0151 t\u00e1rol\u00e1s mellett 1 \u00e9v.<\/p>\n\n\n\n<p>Referencia minta sorozat folyamatosan v\u00e1s\u00e1rolhat\u00f3, a laborat\u00f3rium a mint\u00e1t \u00e9s a bizony\u00edtv\u00e1nyt k\u00e9r\u00e9sre post\u00e1n megk\u00fcldi.<\/p>\n","protected":false},"excerpt":{"rendered":"<p>Olyan b\u00faza \u00e9s b\u00fazaliszt minta, amely el\u00e9gg\u00e9 homog\u00e9n, min\u0151s\u00edtett val\u00f3di \u00e9rt\u00e9keinek, azok megb\u00edzhat\u00f3s\u00e1gi szint\u0171 bizonytalans\u00e1g\u00e1nak maghat\u00e1roz\u00e1sa laborat\u00f3riumi \u00f6sszehasonl\u00edt\u00e1s (J\u00e1rtass\u00e1gi vizsg\u00e1lat) alapj\u00e1n t\u00f6rt\u00e9nik. El\u0151\u00e1ll\u00edt\u00e1suk lehet\u0151v\u00e9 teszi arra a mint\u00e1kat, hogy alkalmasak legyenek m\u00e9r\u0151eszk\u00f6z\u00f6k kalibr\u00e1l\u00e1s\u00e1ra, m\u00e9r\u00e9si m\u00f3dszerek min\u0151s\u00edt\u00e9s\u00e9re, m\u00e9r\u00e9sek jav\u00edt\u00e1s\u00e1ra. A mintasorozat tartalma: p\u00e1raz\u00e1r\u00f3 csomagol\u00e1sban 3 k\u00fcl\u00f6nb\u00f6z\u0151 min\u0151s\u00e9g\u0171 b\u00faza 700 g-os kiszerel\u00e9sben vagy 3 k\u00fcl\u00f6nb\u00f6z\u0151 min\u0151s\u00e9g\u0171 b\u00fazaliszt &hellip; <a href=\"https:\/\/gabonalabor.hu\/index.php\/buza-es-liszt-minta\/\" class=\"more-link\">Continue reading <span class=\"screen-reader-text\">B\u00faza \u00e9s liszt minta<\/span><\/a><\/p>\n","protected":false},"author":1,"featured_media":0,"parent":0,"menu_order":0,"comment_status":"closed","ping_status":"closed","template":"","meta":{"footnotes":""},"class_list":["post-9","page","type-page","status-publish","hentry"],"_links":{"self":[{"href":"https:\/\/gabonalabor.hu\/index.php\/wp-json\/wp\/v2\/pages\/9","targetHints":{"allow":["GET"]}}],"collection":[{"href":"https:\/\/gabonalabor.hu\/index.php\/wp-json\/wp\/v2\/pages"}],"about":[{"href":"https:\/\/gabonalabor.hu\/index.php\/wp-json\/wp\/v2\/types\/page"}],"author":[{"embeddable":true,"href":"https:\/\/gabonalabor.hu\/index.php\/wp-json\/wp\/v2\/users\/1"}],"replies":[{"embeddable":true,"href":"https:\/\/gabonalabor.hu\/index.php\/wp-json\/wp\/v2\/comments?post=9"}],"version-history":[{"count":3,"href":"https:\/\/gabonalabor.hu\/index.php\/wp-json\/wp\/v2\/pages\/9\/revisions"}],"predecessor-version":[{"id":60,"href":"https:\/\/gabonalabor.hu\/index.php\/wp-json\/wp\/v2\/pages\/9\/revisions\/60"}],"wp:attachment":[{"href":"https:\/\/gabonalabor.hu\/index.php\/wp-json\/wp\/v2\/media?parent=9"}],"curies":[{"name":"wp","href":"https:\/\/api.w.org\/{rel}","templated":true}]}}